{"id":239354,"date":"2022-03-08T22:47:23","date_gmt":"2022-03-08T22:47:23","guid":{"rendered":"https:\/\/dejouerfatalite.dev.uqam.ca\/bibliography\/"},"modified":"2022-10-17T17:15:04","modified_gmt":"2022-10-17T17:15:04","slug":"bibliography","status":"publish","type":"page","link":"https:\/\/dejouerfatalite.uqam.ca\/en\/bibliography\/","title":{"rendered":"Bibliography"},"content":{"rendered":"<p>[et_pb_section fb_built=&#8221;1&#8243; _builder_version=&#8221;4.17.4&#8243; _module_preset=&#8221;default&#8221; background_image=&#8221;https:\/\/dejouerfatalite.uqam.ca\/wp-content\/uploads\/2022\/05\/bibliographie-1.jpg&#8221; background_position=&#8221;top_center&#8221; background_vertical_offset=&#8221;6%&#8221; height=&#8221;375px&#8221; height_tablet=&#8221;350px&#8221; height_phone=&#8221;300px&#8221; height_last_edited=&#8221;on|phone&#8221; custom_padding=&#8221;0px||139px|||&#8221; bottom_divider_style=&#8221;slant&#8221; bottom_divider_color=&#8221;#FFFFFF&#8221; bottom_divider_flip=&#8221;horizontal&#8221; global_colors_info=&#8221;{}&#8221;][et_pb_row _builder_version=&#8221;4.16&#8243; _module_preset=&#8221;default&#8221; custom_margin=&#8221;60px|auto||auto|false|false&#8221; custom_margin_tablet=&#8221;30px||||false|false&#8221; custom_margin_phone=&#8221;30px||||false|false&#8221; custom_margin_last_edited=&#8221;on|desktop&#8221; custom_padding=&#8221;0px||0px||false|false&#8221; global_colors_info=&#8221;{}&#8221;][et_pb_column type=&#8221;4_4&#8243; _builder_version=&#8221;4.16&#8243; _module_preset=&#8221;default&#8221; global_colors_info=&#8221;{}&#8221;][et_pb_text _builder_version=&#8221;4.16&#8243; _module_preset=&#8221;default&#8221; header_font=&#8221;edosz||||||||&#8221; header_text_color=&#8221;#ee7323&#8243; header_font_size=&#8221;80px&#8221; custom_margin=&#8221;|0px|0px|0px|false|false&#8221; custom_padding=&#8221;0px||||false|false&#8221; custom_padding_tablet=&#8221;0px||||false|false&#8221; custom_padding_phone=&#8221;|||0px|false|false&#8221; custom_padding_last_edited=&#8221;on|phone&#8221; animation_direction=&#8221;right&#8221; header_font_size_tablet=&#8221;60px&#8221; header_font_size_phone=&#8221;50px&#8221; header_font_size_last_edited=&#8221;on|phone&#8221; custom_css_main_element=&#8221;font-family: edosz;&#8221; header_text_shadow_style=&#8221;preset5&#8243; header_text_shadow_horizontal_length=&#8221;0.04em&#8221; header_text_shadow_vertical_length=&#8221;0.04em&#8221; header_text_shadow_color=&#8221;#ffffff&#8221; global_colors_info=&#8221;{}&#8221;]<\/p>\n<h1>Bibliography<\/h1>\n<p>[\/et_pb_text][\/et_pb_column][\/et_pb_row][\/et_pb_section][et_pb_section fb_built=&#8221;1&#8243; _builder_version=&#8221;4.17.4&#8243; _module_preset=&#8221;default&#8221; background_color=&#8221;RGBA(255,255,255,0)&#8221; background_color_gradient_direction=&#8221;176deg&#8221; background_enable_image=&#8221;off&#8221; background_position=&#8221;bottom_center&#8221; custom_margin=&#8221;||||false|false&#8221; custom_padding=&#8221;||||false|false&#8221; bottom_divider_height=&#8221;130px&#8221; bottom_divider_flip=&#8221;horizontal&#8221; global_colors_info=&#8221;{}&#8221;][et_pb_row use_custom_gutter=&#8221;on&#8221; gutter_width=&#8221;1&#8243; make_equal=&#8221;on&#8221; _builder_version=&#8221;4.16&#8243; _module_preset=&#8221;default&#8221; max_width=&#8221;650px&#8221; custom_margin=&#8221;||||false|false&#8221; custom_padding=&#8221;||0px||false|false&#8221; global_colors_info=&#8221;{}&#8221;][et_pb_column type=&#8221;4_4&#8243; _builder_version=&#8221;4.16&#8243; _module_preset=&#8221;default&#8221; global_colors_info=&#8221;{}&#8221;][et_pb_text _builder_version=&#8221;4.17.4&#8243; _module_preset=&#8221;default&#8221; custom_padding=&#8221;||29px||false|false&#8221; global_colors_info=&#8221;{}&#8221;]<\/p>\n<p><strong>Learn more about the topics covered in the cyberexpo <\/strong><\/p>\n<p>(Non-exhaustive bibliography)<\/p>\n<h4><\/h4>\n<p>&nbsp;<\/p>\n<ul>\n<li>Aranguiz, Marcela, \u00ab Les pouvoirs urbains et la prise en charge des vagabonds \u00e0 Montr\u00e9al : le cas du refuge municipal Meurling (1914-1929) \u00bb, <em>D\u00e9viance et Soci\u00e9t\u00e9<\/em>, 29, 2, 2005.<\/li>\n<li>Baillargeon, Fran\u00e7ois, <em>La crise de la m\u00e9decine lib\u00e9rale et le d\u00e9bat sur les assurances sociales au Qu\u00e9bec de 1925 \u00e0 1945 \u00e0 travers les pages du journal l&#8217;Action m\u00e9dicale<\/em>, M\u00e9moire (histoire), Universit\u00e9 du Qu\u00e9bec \u00e0 Montr\u00e9al, 2009.<\/li>\n<li>Bienvenue, Louise, <em>Le r\u00f4le du Victorian Order of Nurses dans la croisade hygi\u00e9niste montr\u00e9alaise (1897-1925)<\/em>, M\u00e9moire (histoire), Universit\u00e9 du Qu\u00e9bec \u00e0 Montr\u00e9al, 1995.<\/li>\n<li>Bisson, Fran\u00e7ois, <em>L&#8217;\u00c9tat et le placement des ch\u00f4meurs au Qu\u00e9bec: les premiers bureaux d&#8217;emploi publics, 1909-1932,<\/em> Th\u00e8se (Histoire), Universit\u00e9 du Qu\u00e9bec \u00e0 Montr\u00e9al, 2007.<\/li>\n<li>Burban, Christelle, \u00ab L&#8217;engagement d\u00e9cisif et in\u00e9gal de l&#8217;\u00c9tat qu\u00e9b\u00e9cois en faveur de la protection de l&#8217;enfance: l&#8217;\u00c9cole d&#8217;industrie de Notre-Dame de Montfort (1883-1913) \u00bb, <em>Bulletin d&#8217;histoire politique<\/em>, 6, 2, hiver 1998.<\/li>\n<li>Cellard, Andr\u00e9, Thierry Nootens et Lucie Quevillon<em>, Bulletin d&#8217;histoire politique &#8211; Dossier th\u00e9matique &#8211; Folie et soci\u00e9t\u00e9 au Qu\u00e9bec XIXe-XXe si\u00e8cle<\/em>, 10, 3, \u00c9t\u00e9 2002.<\/li>\n<li>Cellard, Andr\u00e9 et Marie-Claude, Thifault, <em>Une Toupie sur la t\u00eate. Visages de la folie \u00e0 Saint-Jean de Dieu<\/em>, Montr\u00e9al, Bor\u00e9al, 2007.<\/li>\n<li>Charest-Bourdon, No\u00e9mie, <em>Qui va payer pour les malades indigents? : la \u00ab philanthropie d\u2019\u00e9tat \u00bb, du sou du pauvre \u00e0 l\u2019assistance publiques au Qu\u00e9bec (1905-1930)<\/em>, M\u00e9moire de maitrise en histoire, Universit\u00e9 du Qu\u00e9bec \u00e0 Montr\u00e9al, 2017.<\/li>\n<li>Charles, Aline, \u00ab Femmes \u00e2g\u00e9es, pauvres et sans droit de vote mais\u2026.citoyennes ? Lettres au Premier ministre du Qu\u00e9bec, 1935-1936 \u00bb, <em>Recherches f\u00e9ministes<\/em>, 26, 2, 2013.<\/li>\n<li>Donovan, Patrick, <em>The boundaries of charity : the impact of ethnic relations on private charitable services for Quebec city\u2019s English-speakers, 1759-1900<\/em>, Th\u00e8se de doctorat (histoire), Universit\u00e9 Laval, 2019.<\/li>\n<li>Duprey, Catherine, <em>La crise de l&#8217;enfermement asilaire au Qu\u00e9bec \u00e0 l&#8217;or\u00e9e de la R\u00e9volution Tranquille<\/em>, M\u00e9moire (histoire), Universit\u00e9 du Qu\u00e9bec \u00e0 Montr\u00e9al, 2007.<\/li>\n<li>Eon, Mathilde, <em>Les filles-m\u00e8res \u00e0 l&#8217;h\u00f4pital de la mis\u00e9ricorde de Montr\u00e9al, 1889-1921<\/em>, M\u00e9moire (histoire), Universit\u00e9 d&#8217;Angers, 2000.<\/li>\n<li>Fecteau, Jean-Marie, <em>La libert\u00e9 du pauvre: Crime et pauvret\u00e9 au XIXe si\u00e8cle qu\u00e9b\u00e9cois<\/em>, Montr\u00e9al, VLB \u00c9diteur, 2004.<\/li>\n<li>Fecteau, Jean-Marie, Fenchel Franc\u0327ois, Tremblay Marie-Jose\u0301e, Tre\u0301panier Jean, et Guy Cucumel. \u00ab Re\u0301pression au quotidien et r\u00e9gulation punitive en longue dure\u0301e, Le cas de la prison de Montr\u00e9al, 1836-1913 \u00bb De\u0301viance et Socie\u0301te\u0301, 30, 3, 2006.<\/li>\n<li>Fecteau, Jean-Marie et Janice Harvey, \u00ab Le r\u00e9seau de r\u00e9gulation sociale montr\u00e9alais \u00bb, dans Dany Foug\u00e8res (dir.), <em>Histoire de Montr\u00e9al et de sa r\u00e9gion, Tome I : Des origines \u00e0 1930<\/em>, Qu\u00e9bec, Les Presses de l&#8217;Universit\u00e9 Laval, 2012.<\/li>\n<li>Forcier, Maxime, <em>Alcoolisme, crime et folie: L&#8217;enfermement des ivrognes \u00e0 Montr\u00e9al (1870-1921)<\/em>, M\u00e9moire (Histoire), Universit\u00e9 du Qu\u00e9bec \u00e0 Montr\u00e9al, 2004.<\/li>\n<li>Francoeur, Julie, <em>R\u00e9habiliter les \u00ab brebis \u00e9gar\u00e9es \u00bb : la prison des femmes de Qu\u00e9bec (Refuge Notre-Dame de la Merci des S\u0153urs du Bon-Pasteur de Qu\u00e9bec), 1931-1972<\/em>, M\u00e9moire de maitrise en histoire, Universit\u00e9 Laval, 2019.<\/li>\n<li>Fyson, Donald, \u00ab Crime et r\u00e9pression dans le faubourg Saint-Jean (1760-1914) \u00bb, <em>Quebecensia<\/em>, 40, 1, 2021.<\/li>\n<li>Gettler, Brian, \u00ab Historical Research at the Truth and Reconciliation Commission of Canada \u00bb, <em>Canadian Historical Review<\/em> 98, 4, 2017.<\/li>\n<li>Giroux, Marie-Christine, <em>Accueillir, v\u00eatir, nourrir, instruire, \u00e9duquer et soigner : la protection de l&#8217;enfance \u00e0 l&#8217;Hospice Saint-Joseph des Soeurs Grises de Montr\u00e9al (1854-1911)<\/em>, M\u00e9moire (Histoire), Universit\u00e9 du Qu\u00e9bec \u00e0 Montr\u00e9al, 2011.<\/li>\n<li>Gossage, Peter, \u00ab Les enfants abandonn\u00e9s \u00e0 Montr\u00e9al au 19e si\u00e8cle: la Cr\u00e8che d&#8217;Youville des Soeurs Grises, 1820-1871 \u00bb, <em>Revue d&#8217;histoire de l&#8217;Am\u00e9rique fran\u00e7aise<\/em>, 40, 4, 1986-1987.<\/li>\n<li>Grenier, Am\u00e9lie, Caroline Robert, Donald Fyson et Martin Petitclerc, <em>Bulletin d\u2019histoire politique \u2013 Dossier th\u00e9matique Vice, d\u00e9viance et criminalit\u00e9<\/em>, 28, 2, 2020.<\/li>\n<li>Gu\u00e9rard, Fran\u00e7ois, \u00ab L\u2019hygi\u00e8ne publique et la mortalit\u00e9 infantile dans une petite ville : le cas de Trois-Rivi\u00e8res, 1895-1939 \u00bb, <em>Cahiers qu\u00e9b\u00e9cois de d\u00e9mographie<\/em>, 30, 2, 2001.<\/li>\n<li>Harvey, Janice, <em>The Protestant Orphan Asylum and the Montreal Ladies&#8217; Benevolent Society: A Case Study in Protestant Child Charity in Montreal, 1822-1900<\/em>, Th\u00e8se (Histoire), Universit\u00e9 de McGill, 2001.<\/li>\n<li>Harvey, Janice, \u00ab La religion, fer de lance de l&#8217;aide aux d\u00e9munis dans la communaut\u00e9 protestante montr\u00e9alaise au XIXe si\u00e8cle et au d\u00e9but du XXe si\u00e8cle \u00bb, <em>\u00c9tudes d&#8217;histoire religieuse<\/em>, 73, 2007.<\/li>\n<li>Klein, Alexandre, Herv\u00e9 Guillemain et Marie-Claude Thifault (dirs.), <em>La fin de l\u2019asile ? Histoire de la d\u00e9shopitalisation psychiatrique dans l\u2019espace francophone au XX<sup>e<\/sup> si\u00e8cle<\/em>, Rennes, Presses Universitaire de Rennes, 2018.<\/li>\n<li><span>Larochelle, Catherine et Ollivier Hubert, \u00ab Culture coloniale euroqu\u00e9b\u00e9coise et missions catholiques dans l\u2019Ouest canadien au XIXe si\u00e8cle \u00bb, <\/span><i>SCHEC, \u00c9tudes d&#8217;histoire religieuse<\/i><span>, 85, 1-2, 2019.<\/span><\/li>\n<li>Legeay, Guilaine, <em>Expulsion des immigrants ind\u00e9sirables \u00e0 Montr\u00e9al : 1911-1914<\/em>, M\u00e9moire, (Histoire), Universit\u00e9 d&#8217;Angers, 1999.<\/li>\n<li>Marsan, Benoit, <em>\u00ab Battez-vous, ne vous laissez pas affamer \u00bb : les communistes et la lutte des sans-emploi pendant la Grande D\u00e9pression<\/em>, St-Joseph-du-Lac, M \u00e9diteur, 2014.<\/li>\n<li>M\u00e9nard, Sylvie, <em>Des enfants sous surveillance: La r\u00e9\u00e9ducation des jeunes d\u00e9linquants au Qu\u00e9bec (1840-1950)<\/em>, Montr\u00e9al, VLB \u00c9diteur, 2003.<\/li>\n<li>Nadon, Val\u00e9rie, <em>La maison St-Janvier du Sault-au-R\u00e9collet: deux institutions charitables et leurs relations avec l&#8217;Arch\u00e9v\u00each\u00e9 et l&#8217;\u00c9tat 1877-1954<\/em>, Rapport de recherche (Ma\u00eetrise en histoire appliqu\u00e9e), Universit\u00e9 du Qu\u00e9bec \u00e0 Montr\u00e9al, 2014.<\/li>\n<li>Niget, David, \u00ab Histoire d&#8217;une croisade civique: la mise en place de la &#8220;Cours des jeunes d\u00e9linquants&#8221; de Montr\u00e9al (1890-1920) \u00bb, <em>Revue de l&#8217;histoire de l&#8217;enfance irr\u00e9guli\u00e8re, le temps de l&#8217;histoire<\/em>, 5, 2003.<\/li>\n<li>Nootens, Thierry, \u00ab M\u00e9moire, espace public et d\u00e9sordres du discours historique: l&#8217;affaire des orphelins de Duplessis 1991-1999 \u00bb, <em>Bulletin d&#8217;histoire politique<\/em>, 7, 8, 1999.<\/li>\n<li>Nootens, Thierry, <em>Fous, prodigues et ivrognes. Familles et d\u00e9viance \u00e0 Montr\u00e9al au XIXe si\u00e8cle<\/em>, Montr\u00e9al et Kingston, McGill-Queen&#8217;s University Press, 2007.<\/li>\n<li>Perreault, Isabelle et Marie-Claude, Thifault, \u00ab Les Soeurs de la Providence et les psychiatres modernistes : enjeux professionnels en sant\u00e9 mentale au Qu\u00e9bec, 1910-1965 \u00bb, <em>Etudes d&#8217;histoire religieuse<\/em>, 78, 2, 2002.<\/li>\n<li>Petitclerc, Martin, <em>&#8220;Nous prot\u00e9geons l&#8217;infortune&#8221;. Les origines populaires de l&#8217;\u00e9conomie sociale au Qu\u00e9bec<\/em>, Montr\u00e9al, VLB, 2007.<\/li>\n<li>Petitclerc, Martin, \u00ab \u00c0 propos de &#8220;ceux qui sont en dehors de la soci\u00e9t\u00e9&#8221;. L&#8217;indigent et l&#8217;assistance publique au Qu\u00e9bec dans la premi\u00e8re moiti\u00e9 du 20e si\u00e8cle \u00bb, <em>Revue d&#8217;histoire de l&#8217;Am\u00e9rique fran\u00e7aise<\/em>, 65, 2-3, automne 2011-hiver 2012.<\/li>\n<li>Petitclerc, Martin, Louise Bienvenue, David Niget, Martin Robert, Cory Verbauwhede (dirs.), <em>Question sociale et citoyennet\u00e9, La dimension politique des r\u00e9gulations sociales (XIXe-XXIe si\u00e8cles)<\/em>, Qu\u00e9bec, Presses de l&#8217;Universit\u00e9 du Qu\u00e9bec, 2020.<\/li>\n<li>Petitclerc, Martin, Yvan Rousseau et Fran\u00e7ois Gu\u00e9rard, \u00ab Faire chambre \u00e0 part. Patients indigents et payants dans les h\u00f4pitaux g\u00e9n\u00e9raux de Montr\u00e9al en 1911 \u00bb, <em>Canadian Historical Review<\/em>, 102, 2, 2021.<\/li>\n<li>Quesney, Chantale, <em>De la charit\u00e9 au bonheur familial : une histoire de la soci\u00e9t\u00e9 d&#8217;adoption et de protection de l&#8217;enfance \u00e0 Montr\u00e9al (1937-1972)<\/em>, Th\u00e8se (histoire), Universit\u00e9 du Qu\u00e9bec \u00e0 Montr\u00e9al, 2010.<\/li>\n<li>Strimelle, V\u00e9ronique, \u00ab La gestion de la d\u00e9viance des filles \u00e0 Montr\u00e9al au XIX\u00e8me: les institutions du Bon-Pasteur d&#8217;Angers (1869-1912) \u00bb, <em>Revue d&#8217;histoire de l&#8217;enfance irr\u00e9guli\u00e8re, le temps de l&#8217;histoire<\/em>, 5, 2003.<\/li>\n<li>Vaillancourt, \u00c9ric, <em>La soci\u00e9t\u00e9 de Saint-Vincent de Paul de Montr\u00e9al : reflet du dynamisme du la\u00efcat catholique en mati\u00e8re d&#8217;assistance aux pauvres (1848-1933)<\/em>, Th\u00e8se (histoire), Universit\u00e9 du Qu\u00e9bec \u00e0 Montr\u00e9al, 2005.<\/li>\n<\/ul>\n<p>[\/et_pb_text][\/et_pb_column][\/et_pb_row][et_pb_row column_structure=&#8221;1_2,1_2&#8243; use_custom_gutter=&#8221;on&#8221; gutter_width=&#8221;1&#8243; make_equal=&#8221;on&#8221; module_class=&#8221;two-columns&#8221; _builder_version=&#8221;4.16&#8243; _module_preset=&#8221;default&#8221; max_width=&#8221;650px&#8221; custom_padding=&#8221;||32px||false|false&#8221; global_colors_info=&#8221;{}&#8221;][et_pb_column type=&#8221;1_2&#8243; _builder_version=&#8221;4.16&#8243; _module_preset=&#8221;default&#8221; global_colors_info=&#8221;{}&#8221;][et_pb_button button_url=&#8221;https:\/\/dejouerfatalite.uqam.ca\/en\/credits\/&#8221; button_text=&#8221;Credits&#8221; button_alignment=&#8221;left&#8221; module_id=&#8221;buttonleft&#8221; _builder_version=&#8221;4.17.4&#8243; _module_preset=&#8221;default&#8221; custom_button=&#8221;on&#8221; button_text_size=&#8221;20px&#8221; button_text_color=&#8221;#ee7323&#8243; button_border_width=&#8221;0px&#8221; button_border_color=&#8221;#ee7323&#8243; button_border_radius=&#8221;0px&#8221; button_icon=&#8221;&#x40;||divi||400&#8243; button_icon_placement=&#8221;left&#8221; button_on_hover=&#8221;off&#8221; custom_margin=&#8221;|||50px|false|false&#8221; scroll_horizontal_motion=&#8221;0|15|15|100|1|0|0&#8243; hover_enabled=&#8221;0&#8243; custom_css_main_element=&#8221;min-width: 180px;&#8221; global_colors_info=&#8221;{}&#8221; button_text__hover_enabled=&#8221;on|hover&#8221; button_text__hover=&#8221;Credits&#8221; button_text_color__hover_enabled=&#8221;on|hover&#8221; button_text_color__hover=&#8221;#ee7323&#8243; button_bg_color__hover_enabled=&#8221;on|desktop&#8221; button_text_size__hover_enabled=&#8221;on|hover&#8221; button_text_size__hover=&#8221;20px&#8221; button_bg_color__hover=&#8221;RGBA(0,0,0,0)&#8221; button_bg_enable_color__hover=&#8221;on&#8221; custom_margin__hover_enabled=&#8221;on|desktop&#8221; custom_margin__hover=&#8221;|||40px|false|false&#8221; sticky_enabled=&#8221;0&#8243;][\/et_pb_button][\/et_pb_column][et_pb_column type=&#8221;1_2&#8243; _builder_version=&#8221;4.16&#8243; _module_preset=&#8221;default&#8221; global_colors_info=&#8221;{}&#8221;][et_pb_button button_url=&#8221;https:\/\/dejouerfatalite.uqam.ca\/en\/site-map\/&#8221; button_text=&#8221;Site map&#8221; button_alignment=&#8221;right&#8221; module_id=&#8221;buttonright&#8221; _builder_version=&#8221;4.17.4&#8243; _module_preset=&#8221;default&#8221; custom_button=&#8221;on&#8221; button_text_size=&#8221;20px&#8221; button_bg_color=&#8221;RGBA(0,0,0,0)&#8221; button_border_width=&#8221;0px&#8221; button_border_color=&#8221;#ee7323&#8243; button_border_radius=&#8221;0px&#8221; button_icon=&#8221;&#x41;||divi||400&#8243; button_on_hover=&#8221;off&#8221; custom_margin=&#8221;|50px|||false|false&#8221; scroll_horizontal_motion=&#8221;0|15|15|100|-1|0|0&#8243; hover_enabled=&#8221;0&#8243; button_bg_color_tablet=&#8221;RGBA(0,0,0,0)&#8221; button_bg_color_phone=&#8221;&#8221; button_bg_color_last_edited=&#8221;on|phone&#8221; button_bg_enable_color_tablet=&#8221;on&#8221; button_bg_enable_color_phone=&#8221;off&#8221; custom_css_main_element=&#8221;min-width: 180px;&#8221; global_colors_info=&#8221;{}&#8221; button_text__hover_enabled=&#8221;on|hover&#8221; button_text__hover=&#8221;Site map&#8221; button_text_color__hover_enabled=&#8221;on|hover&#8221; button_text_color__hover=&#8221;#ee7323&#8243; button_bg_color__hover_enabled=&#8221;on|desktop&#8221; button_text_size__hover_enabled=&#8221;on|hover&#8221; button_text_size__hover=&#8221;20px&#8221; button_bg_color__hover=&#8221;RGBA(0,0,0,0)&#8221; button_bg_enable_color__hover=&#8221;on&#8221; custom_margin__hover_enabled=&#8221;on|hover&#8221; custom_margin__hover=&#8221;|40px|||false|false&#8221; sticky_enabled=&#8221;0&#8243;][\/et_pb_button][\/et_pb_column][\/et_pb_row][\/et_pb_section]<\/p>\n","protected":false},"excerpt":{"rendered":"<p>BibliographyLearn more about the topics covered in the cyberexpo (Non-exhaustive bibliography) &nbsp; Aranguiz, Marcela, \u00ab Les pouvoirs urbains et la prise en charge des vagabonds \u00e0 Montr\u00e9al : le cas du refuge municipal Meurling (1914-1929) \u00bb, D\u00e9viance et Soci\u00e9t\u00e9, 29, 2, 2005. Baillargeon, Fran\u00e7ois, La crise de la m\u00e9decine lib\u00e9rale et le d\u00e9bat sur les [&hellip;]<\/p>\n","protected":false},"author":3,"featured_media":0,"parent":0,"menu_order":0,"comment_status":"closed","ping_status":"closed","template":"","meta":{"_et_pb_use_builder":"on","_et_pb_old_content":"","_et_gb_content_width":"","_monsterinsights_skip_tracking":false,"_monsterinsights_sitenote_active":false,"_monsterinsights_sitenote_note":"","_monsterinsights_sitenote_category":0,"footnotes":""},"class_list":["post-239354","page","type-page","status-publish","hentry"],"aioseo_notices":[],"_links":{"self":[{"href":"https:\/\/dejouerfatalite.uqam.ca\/en\/wp-json\/wp\/v2\/pages\/239354","targetHints":{"allow":["GET"]}}],"collection":[{"href":"https:\/\/dejouerfatalite.uqam.ca\/en\/wp-json\/wp\/v2\/pages"}],"about":[{"href":"https:\/\/dejouerfatalite.uqam.ca\/en\/wp-json\/wp\/v2\/types\/page"}],"author":[{"embeddable":true,"href":"https:\/\/dejouerfatalite.uqam.ca\/en\/wp-json\/wp\/v2\/users\/3"}],"replies":[{"embeddable":true,"href":"https:\/\/dejouerfatalite.uqam.ca\/en\/wp-json\/wp\/v2\/comments?post=239354"}],"version-history":[{"count":12,"href":"https:\/\/dejouerfatalite.uqam.ca\/en\/wp-json\/wp\/v2\/pages\/239354\/revisions"}],"predecessor-version":[{"id":239528,"href":"https:\/\/dejouerfatalite.uqam.ca\/en\/wp-json\/wp\/v2\/pages\/239354\/revisions\/239528"}],"wp:attachment":[{"href":"https:\/\/dejouerfatalite.uqam.ca\/en\/wp-json\/wp\/v2\/media?parent=239354"}],"curies":[{"name":"wp","href":"https:\/\/api.w.org\/{rel}","templated":true}]}}