{"id":239362,"date":"2021-04-23T16:41:34","date_gmt":"2021-04-23T16:41:34","guid":{"rendered":"https:\/\/dejouerfatalite.dev.uqam.ca\/about\/"},"modified":"2022-10-17T17:13:11","modified_gmt":"2022-10-17T17:13:11","slug":"about","status":"publish","type":"page","link":"https:\/\/dejouerfatalite.uqam.ca\/en\/about\/","title":{"rendered":"About"},"content":{"rendered":"<p>[et_pb_section fb_built=&#8221;1&#8243; _builder_version=&#8221;4.17.4&#8243; _module_preset=&#8221;default&#8221; background_image=&#8221;https:\/\/dejouerfatalite.uqam.ca\/wp-content\/uploads\/2022\/05\/APropos.jpg&#8221; background_position=&#8221;bottom_center&#8221; background_vertical_offset=&#8221;35%&#8221; height=&#8221;375px&#8221; height_tablet=&#8221;350px&#8221; height_phone=&#8221;300px&#8221; height_last_edited=&#8221;on|phone&#8221; custom_padding=&#8221;0px||139px|||&#8221; bottom_divider_style=&#8221;slant&#8221; bottom_divider_color=&#8221;#FFFFFF&#8221; bottom_divider_flip=&#8221;horizontal&#8221; global_colors_info=&#8221;{}&#8221;][et_pb_row _builder_version=&#8221;4.16&#8243; _module_preset=&#8221;default&#8221; custom_margin=&#8221;60px|auto||auto|false|false&#8221; custom_margin_tablet=&#8221;30px||||false|false&#8221; custom_margin_phone=&#8221;30px||||false|false&#8221; custom_margin_last_edited=&#8221;on|desktop&#8221; custom_padding=&#8221;0px||0px||false|false&#8221; global_colors_info=&#8221;{}&#8221;][et_pb_column type=&#8221;4_4&#8243; _builder_version=&#8221;4.16&#8243; _module_preset=&#8221;default&#8221; global_colors_info=&#8221;{}&#8221;][et_pb_text _builder_version=&#8221;4.16&#8243; _module_preset=&#8221;default&#8221; header_font=&#8221;edosz||||||||&#8221; header_text_color=&#8221;#ee7323&#8243; header_font_size=&#8221;80px&#8221; custom_margin=&#8221;|0px|0px|0px|false|false&#8221; custom_padding=&#8221;0px||||false|false&#8221; custom_padding_tablet=&#8221;0px||||false|false&#8221; custom_padding_phone=&#8221;|||0px|false|false&#8221; custom_padding_last_edited=&#8221;on|phone&#8221; animation_direction=&#8221;right&#8221; header_font_size_tablet=&#8221;60px&#8221; header_font_size_phone=&#8221;50px&#8221; header_font_size_last_edited=&#8221;on|phone&#8221; custom_css_main_element=&#8221;font-family: edosz;&#8221; header_text_shadow_style=&#8221;preset5&#8243; header_text_shadow_horizontal_length=&#8221;0.04em&#8221; header_text_shadow_vertical_length=&#8221;0.04em&#8221; header_text_shadow_color=&#8221;#ffffff&#8221; global_colors_info=&#8221;{}&#8221;]<\/p>\n<h1>About<\/h1>\n<p>[\/et_pb_text][\/et_pb_column][\/et_pb_row][\/et_pb_section][et_pb_section fb_built=&#8221;1&#8243; _builder_version=&#8221;4.17.4&#8243; _module_preset=&#8221;default&#8221; background_color=&#8221;RGBA(255,255,255,0)&#8221; background_color_gradient_direction=&#8221;176deg&#8221; background_enable_image=&#8221;off&#8221; background_position=&#8221;bottom_center&#8221; custom_margin=&#8221;||||false|false&#8221; custom_padding=&#8221;||||false|false&#8221; bottom_divider_height=&#8221;130px&#8221; bottom_divider_flip=&#8221;horizontal&#8221; global_colors_info=&#8221;{}&#8221;][et_pb_row use_custom_gutter=&#8221;on&#8221; make_equal=&#8221;on&#8221; _builder_version=&#8221;4.17.4&#8243; _module_preset=&#8221;default&#8221; max_width=&#8221;650px&#8221; custom_margin=&#8221;||||false|false&#8221; custom_padding=&#8221;||||false|false&#8221; global_colors_info=&#8221;{}&#8221;][et_pb_column type=&#8221;4_4&#8243; _builder_version=&#8221;4.16&#8243; _module_preset=&#8221;default&#8221; global_colors_info=&#8221;{}&#8221;][et_pb_text _builder_version=&#8221;4.16&#8243; _module_preset=&#8221;default&#8221; text_font=&#8221;Oswald||||||||&#8221; global_colors_info=&#8221;{}&#8221;]<\/p>\n<p>This online exhibition is the result of more than twenty years of work by professors and students at the Centre d\u2019histoire des r\u00e9gulations sociales (CHRS). It has been adapted from the exhibition titled <em>Pushing Back at Fate: Poverty, Families and Institutions, <\/em>presented at the \u00c9comus\u00e9e du fier monde in fall 2019 and winter 2020.<\/p>\n<p>[\/et_pb_text][\/et_pb_column][\/et_pb_row][et_pb_row use_custom_gutter=&#8221;on&#8221; make_equal=&#8221;on&#8221; _builder_version=&#8221;4.16&#8243; _module_preset=&#8221;default&#8221; max_width=&#8221;650px&#8221; custom_margin=&#8221;||||false|false&#8221; custom_padding=&#8221;||||false|false&#8221; global_colors_info=&#8221;{}&#8221;][et_pb_column type=&#8221;4_4&#8243; _builder_version=&#8221;4.16&#8243; _module_preset=&#8221;default&#8221; global_colors_info=&#8221;{}&#8221;][et_pb_text module_id=&#8221;QuestionSociale-COA-1&#8243; _builder_version=&#8221;4.17.4&#8243; _module_preset=&#8221;default&#8221; header_2_font=&#8221;Oswald|300|||||||&#8221; header_2_text_color=&#8221;#323235&#8243; custom_padding=&#8221;||||false|false&#8221; global_colors_info=&#8221;{}&#8221;]<\/p>\n<h4>Le Centre d\u2019histoire des r\u00e9gulations sociales (CHRS)<\/h4>\n<p>[\/et_pb_text][et_pb_text _builder_version=&#8221;4.17.4&#8243; _module_preset=&#8221;default&#8221; text_font=&#8221;Oswald||||||||&#8221; header_4_font=&#8221;Oswald||||||||&#8221; global_colors_info=&#8221;{}&#8221;]<\/p>\n<p>Established in 1990, the CHRS is a multidisciplinary team of researchers interested in the history of vulnerability, marginality, and crime in Quebec. The team consists of faculty members and students from multiple universities. For several years, the CHRS has benefitted from the support of the Fonds de recherche Soci\u00e9t\u00e9 et Culture du Qu\u00e9bec.<\/p>\n<p>[\/et_pb_text][et_pb_text _builder_version=&#8221;4.16&#8243; _module_preset=&#8221;default&#8221; global_colors_info=&#8221;{}&#8221;]<\/p>\n<p><span style=\"text-decoration: underline;\"><a href=\"https:\/\/chrs.uqam.ca\/\">Link to the CHRS website<\/a><\/span><\/p>\n<p>[\/et_pb_text][\/et_pb_column][\/et_pb_row][et_pb_row use_custom_gutter=&#8221;on&#8221; make_equal=&#8221;on&#8221; _builder_version=&#8221;4.16&#8243; _module_preset=&#8221;default&#8221; max_width=&#8221;650px&#8221; custom_margin=&#8221;||||false|false&#8221; custom_padding=&#8221;||||false|false&#8221; global_colors_info=&#8221;{}&#8221;][et_pb_column type=&#8221;4_4&#8243; _builder_version=&#8221;4.16&#8243; _module_preset=&#8221;default&#8221; global_colors_info=&#8221;{}&#8221;][et_pb_text module_id=&#8221;QuestionSociale-COA-1&#8243; _builder_version=&#8221;4.17.4&#8243; _module_preset=&#8221;default&#8221; header_2_font=&#8221;Oswald|300|||||||&#8221; header_2_text_color=&#8221;#323235&#8243; custom_padding=&#8221;||||false|false&#8221; global_colors_info=&#8221;{}&#8221;]<\/p>\n<h4>\u00c9comus\u00e9e du fier monde (EFM)<\/h4>\n<p>[\/et_pb_text][et_pb_text _builder_version=&#8221;4.17.4&#8243; _module_preset=&#8221;default&#8221; text_font=&#8221;Oswald||||||||&#8221; header_4_font=&#8221;Oswald||||||||&#8221; global_colors_info=&#8221;{}&#8221;]<\/p>\n<p>Established in 1980, the EFM is a people\u2019s museum dedicated to Montreal\u2019s industrial and working-class history. Recognized and supported by the Quebec Ministry of Culture and Communications and the Conseil des arts de Montr\u00e9al, the EFM showcases the history and heritage of Montreal\u2019s Centre-Sud neighbourhood.<\/p>\n<p>In terms of museum practice, the EFM focuses on popular education through participatory programming, developed in close collaboration with neighbourhood residents, institutions, and organizations. The EFM also participates in discussions on the community\u2019s present and future development.<\/p>\n<p>[\/et_pb_text][et_pb_text _builder_version=&#8221;4.16&#8243; _module_preset=&#8221;default&#8221; global_colors_info=&#8221;{}&#8221;]<\/p>\n<p><span style=\"text-decoration: underline;\"><a href=\"https:\/\/ecomusee.qc.ca\/\">Link to the EFM website<\/a><\/span><\/p>\n<p>[\/et_pb_text][\/et_pb_column][\/et_pb_row][et_pb_row column_structure=&#8221;1_2,1_2&#8243; use_custom_gutter=&#8221;on&#8221; gutter_width=&#8221;1&#8243; make_equal=&#8221;on&#8221; module_class=&#8221;two-columns&#8221; _builder_version=&#8221;4.17.4&#8243; _module_preset=&#8221;default&#8221; max_width=&#8221;650px&#8221; custom_padding=&#8221;||||false|false&#8221; global_colors_info=&#8221;{}&#8221;][et_pb_column type=&#8221;1_2&#8243; _builder_version=&#8221;4.16&#8243; _module_preset=&#8221;default&#8221; global_colors_info=&#8221;{}&#8221;][et_pb_button button_url=&#8221;@ET-DC@eyJkeW5hbWljIjp0cnVlLCJjb250ZW50IjoicG9zdF9saW5rX3VybF9wYWdlIiwic2V0dGluZ3MiOnsicG9zdF9pZCI6IjIzNTEyMiJ9fQ==@&#8221; button_text=&#8221;Conclusion&#8221; button_alignment=&#8221;left&#8221; module_id=&#8221;buttonleft&#8221; _builder_version=&#8221;4.17.4&#8243; _dynamic_attributes=&#8221;button_url&#8221; _module_preset=&#8221;default&#8221; custom_button=&#8221;on&#8221; button_text_size=&#8221;20px&#8221; button_text_color=&#8221;#ee7323&#8243; button_border_width=&#8221;0px&#8221; button_border_color=&#8221;#ee7323&#8243; button_border_radius=&#8221;0px&#8221; button_icon=&#8221;&#x40;||divi||400&#8243; button_icon_placement=&#8221;left&#8221; button_on_hover=&#8221;off&#8221; custom_margin=&#8221;|||50px|false|false&#8221; scroll_horizontal_motion=&#8221;0|15|15|100|1|0|0&#8243; custom_css_main_element=&#8221;min-width: 180px;&#8221; global_colors_info=&#8221;{}&#8221; button_text__hover_enabled=&#8221;on|hover&#8221; button_text__hover=&#8221;Conclusion&#8221; button_text_color__hover_enabled=&#8221;on|hover&#8221; button_text_color__hover=&#8221;#ee7323&#8243; button_bg_color__hover_enabled=&#8221;on|desktop&#8221; button_text_size__hover_enabled=&#8221;on|hover&#8221; button_text_size__hover=&#8221;20px&#8221; button_bg_color__hover=&#8221;RGBA(0,0,0,0)&#8221; button_bg_enable_color__hover=&#8221;on&#8221; custom_margin__hover_enabled=&#8221;on|desktop&#8221; custom_margin__hover=&#8221;|||40px|false|false&#8221;][\/et_pb_button][\/et_pb_column][et_pb_column type=&#8221;1_2&#8243; _builder_version=&#8221;4.16&#8243; _module_preset=&#8221;default&#8221; global_colors_info=&#8221;{}&#8221;][et_pb_button button_url=&#8221;https:\/\/dejouerfatalite.uqam.ca\/en\/credits\/&#8221; button_text=&#8221;Credits&#8221; button_alignment=&#8221;right&#8221; module_id=&#8221;buttonright&#8221; _builder_version=&#8221;4.17.4&#8243; _module_preset=&#8221;default&#8221; custom_button=&#8221;on&#8221; button_text_size=&#8221;20px&#8221; button_bg_color=&#8221;RGBA(0,0,0,0)&#8221; button_border_width=&#8221;0px&#8221; button_border_color=&#8221;#ee7323&#8243; button_border_radius=&#8221;0px&#8221; button_icon=&#8221;&#x41;||divi||400&#8243; button_on_hover=&#8221;off&#8221; custom_margin=&#8221;|50px|||false|false&#8221; scroll_horizontal_motion=&#8221;0|15|15|100|-1|0|0&#8243; hover_enabled=&#8221;0&#8243; button_bg_color_tablet=&#8221;RGBA(0,0,0,0)&#8221; button_bg_color_phone=&#8221;&#8221; button_bg_color_last_edited=&#8221;on|phone&#8221; button_bg_enable_color_tablet=&#8221;on&#8221; button_bg_enable_color_phone=&#8221;off&#8221; custom_css_main_element=&#8221;min-width: 180px;&#8221; global_colors_info=&#8221;{}&#8221; button_text__hover_enabled=&#8221;on|hover&#8221; button_text__hover=&#8221;Credits&#8221; button_text_color__hover_enabled=&#8221;on|hover&#8221; button_text_color__hover=&#8221;#ee7323&#8243; button_bg_color__hover_enabled=&#8221;on|desktop&#8221; button_text_size__hover_enabled=&#8221;on|hover&#8221; button_text_size__hover=&#8221;20px&#8221; button_bg_color__hover=&#8221;RGBA(0,0,0,0)&#8221; button_bg_enable_color__hover=&#8221;on&#8221; custom_margin__hover_enabled=&#8221;on|hover&#8221; custom_margin__hover=&#8221;|40px|||false|false&#8221; sticky_enabled=&#8221;0&#8243;][\/et_pb_button][\/et_pb_column][\/et_pb_row][\/et_pb_section]<\/p>\n","protected":false},"excerpt":{"rendered":"<p>AboutThis online exhibition is the result of more than twenty years of work by professors and students at the Centre d\u2019histoire des r\u00e9gulations sociales (CHRS). It has been adapted from the exhibition titled Pushing Back at Fate: Poverty, Families and Institutions, presented at the \u00c9comus\u00e9e du fier monde in fall 2019 and winter 2020.Le Centre [&hellip;]<\/p>\n","protected":false},"author":3,"featured_media":0,"parent":0,"menu_order":0,"comment_status":"closed","ping_status":"closed","template":"","meta":{"_et_pb_use_builder":"on","_et_pb_old_content":"","_et_gb_content_width":"","_monsterinsights_skip_tracking":false,"_monsterinsights_sitenote_active":false,"_monsterinsights_sitenote_note":"","_monsterinsights_sitenote_category":0,"footnotes":""},"class_list":["post-239362","page","type-page","status-publish","hentry"],"aioseo_notices":[],"_links":{"self":[{"href":"https:\/\/dejouerfatalite.uqam.ca\/en\/wp-json\/wp\/v2\/pages\/239362","targetHints":{"allow":["GET"]}}],"collection":[{"href":"https:\/\/dejouerfatalite.uqam.ca\/en\/wp-json\/wp\/v2\/pages"}],"about":[{"href":"https:\/\/dejouerfatalite.uqam.ca\/en\/wp-json\/wp\/v2\/types\/page"}],"author":[{"embeddable":true,"href":"https:\/\/dejouerfatalite.uqam.ca\/en\/wp-json\/wp\/v2\/users\/3"}],"replies":[{"embeddable":true,"href":"https:\/\/dejouerfatalite.uqam.ca\/en\/wp-json\/wp\/v2\/comments?post=239362"}],"version-history":[{"count":4,"href":"https:\/\/dejouerfatalite.uqam.ca\/en\/wp-json\/wp\/v2\/pages\/239362\/revisions"}],"predecessor-version":[{"id":239526,"href":"https:\/\/dejouerfatalite.uqam.ca\/en\/wp-json\/wp\/v2\/pages\/239362\/revisions\/239526"}],"wp:attachment":[{"href":"https:\/\/dejouerfatalite.uqam.ca\/en\/wp-json\/wp\/v2\/media?parent=239362"}],"curies":[{"name":"wp","href":"https:\/\/api.w.org\/{rel}","templated":true}]}}